{"id":1791,"date":"2017-01-13T20:58:01","date_gmt":"2017-01-13T20:58:01","guid":{"rendered":"https:\/\/alimentsasta.com\/distinctions\/"},"modified":"2017-03-27T19:57:35","modified_gmt":"2017-03-27T19:57:35","slug":"honours","status":"publish","type":"page","link":"https:\/\/alimentsasta.com\/en\/the-asta-family\/honours\/","title":{"rendered":"Honours"},"content":{"rendered":"<p><span class=\"text-md\" style=\"font-size: 28px;\">In the last 35 years, Aliments ASTA and its team have been honoured multiple times locally, regionally and internationally, for their vision, commitment, influence, innovativeness and the quality of their products.<\/span><\/p>\n<p>And the executives\u2019 contribution to the development of the business community was also acknowledged.<\/p>\n<p>In 2015, the Chambre de commerce of Rivi\u00e8re-du-Loup highlighted Jacques Poitras\u2019 substantial contribution to the region\u2019s economic health by presenting him with the Hommage prize of the\u00a0<a href=\"https:\/\/www.youtube.com\/watch?v=mkHzXn4o-uY\" target=\"_blank\">Gala des Prestiges<\/a>.<\/p>\n<p>For her part, St\u00e9phanie is increasingly establishing herself as an accomplished businesswoman.<\/p>\n<p>In January 2015, the Chambre de commerce of Rivi\u00e8re-du-Loup awarded her the title of &#8220;<a href=\"http:\/\/www.leplacoteux.com\/stephanie-poitras-personnalite-du-mois\/\" target=\"_blank\">Personality of the Month<\/a>&#8220;.<\/p>\n<p>A few months later, the Jeune Chambre de commerce of Rivi\u00e8re-du-Loup awarded her the\u00a0<a href=\"http:\/\/www.infodimanche.com\/actualites\/affaires-et-economie\/219346\/devoilement-des-gagnants-du-gala-chrysalides-2015\" target=\"_blank\">Personnalit\u00e9 Jeunesse Guillaume-Pigeon<\/a> at the Gala des prix Chrysalides.<\/p>\n<p>In June 2015, the Centre des dirigeants d\u2019entreprises of Rivi\u00e8re-du-Loup promoted her to \u201cManager of the year\u201d in the Business of 25 employees or more category.<\/p>\n<p>In 2016, she received the\u00a0<a href=\"https:\/\/www.youtube.com\/watch?v=2_tjt-JniRg\" target=\"_blank\">Rel\u00e8ve Leadership Germaine-Gibara<\/a> Prize during the prestigious Gala des Mercuriades.<\/p>\n<p>Finally in 2017,\u00a0our Executive Director, is the recipient of the Recognition Award &#8220;Femme de talent Raymond Chabot Grant Thornton&#8220; at the &#8220;Gala \u00d4 f\u00e9minin&#8220; of the Rivi\u00e8re-du-Loup Women\u2019s Professional Network.<\/p>\n","protected":false},"excerpt":{"rendered":"<p>In the last 35 years, Aliments ASTA and its team have been honoured multiple times locally, regionally and internationally, for their vision, commitment, influence, innovativeness and the quality of their products. And the executives\u2019 contribution to the development of the business community was also acknowledged. In 2015, the Chambre de commerce of Rivi\u00e8re-du-Loup highlighted Jacques&#8230;<\/p>\n","protected":false},"author":1,"featured_media":0,"parent":1802,"menu_order":39,"comment_status":"closed","ping_status":"closed","template":"","meta":{"_acf_changed":false,"footnotes":""},"acf":[],"yoast_head":"<!-- This site is optimized with the Yoast SEO plugin v23.1 - https:\/\/yoast.com\/wordpress\/plugins\/seo\/ -->\n<title>Honours - Aliments Asta<\/title>\n<meta name=\"robots\" content=\"index, follow, max-snippet:-1, max-image-preview:large, max-video-preview:-1\" \/>\n<link rel=\"canonical\" href=\"https:\/\/alimentsasta.com\/en\/the-asta-family\/honours\/\" \/>\n<meta property=\"og:locale\" content=\"en_US\" \/>\n<meta property=\"og:type\" content=\"article\" \/>\n<meta property=\"og:title\" content=\"Honours - Aliments Asta\" \/>\n<meta property=\"og:description\" content=\"In the last 35 years, Aliments ASTA and its team have been honoured multiple times locally, regionally and internationally, for their vision, commitment, influence, innovativeness and the quality of their products. And the executives\u2019 contribution to the development of the business community was also acknowledged. In 2015, the Chambre de commerce of Rivi\u00e8re-du-Loup highlighted Jacques...\" \/>\n<meta property=\"og:url\" content=\"https:\/\/alimentsasta.com\/en\/the-asta-family\/honours\/\" \/>\n<meta property=\"og:site_name\" content=\"Aliments Asta\" \/>\n<meta property=\"article:modified_time\" content=\"2017-03-27T19:57:35+00:00\" \/>\n<meta name=\"twitter:card\" content=\"summary_large_image\" \/>\n<meta name=\"twitter:label1\" content=\"Est. reading time\" \/>\n\t<meta name=\"twitter:data1\" content=\"1 minute\" \/>\n<script type=\"application\/ld+json\" class=\"yoast-schema-graph\">{\"@context\":\"https:\/\/schema.org\",\"@graph\":[{\"@type\":\"WebPage\",\"@id\":\"https:\/\/alimentsasta.com\/en\/the-asta-family\/honours\/\",\"url\":\"https:\/\/alimentsasta.com\/en\/the-asta-family\/honours\/\",\"name\":\"Honours - Aliments Asta\",\"isPartOf\":{\"@id\":\"https:\/\/alimentsasta.com\/#website\"},\"datePublished\":\"2017-01-13T20:58:01+00:00\",\"dateModified\":\"2017-03-27T19:57:35+00:00\",\"breadcrumb\":{\"@id\":\"https:\/\/alimentsasta.com\/en\/the-asta-family\/honours\/#breadcrumb\"},\"inLanguage\":\"en-CA\",\"potentialAction\":[{\"@type\":\"ReadAction\",\"target\":[\"https:\/\/alimentsasta.com\/en\/the-asta-family\/honours\/\"]}]},{\"@type\":\"BreadcrumbList\",\"@id\":\"https:\/\/alimentsasta.com\/en\/the-asta-family\/honours\/#breadcrumb\",\"itemListElement\":[{\"@type\":\"ListItem\",\"position\":1,\"name\":\"Home\",\"item\":\"https:\/\/alimentsasta.com\/en\/\"},{\"@type\":\"ListItem\",\"position\":2,\"name\":\"The Asta Family\",\"item\":\"https:\/\/alimentsasta.com\/en\/the-asta-family\/\"},{\"@type\":\"ListItem\",\"position\":3,\"name\":\"Honours\"}]},{\"@type\":\"WebSite\",\"@id\":\"https:\/\/alimentsasta.com\/#website\",\"url\":\"https:\/\/alimentsasta.com\/\",\"name\":\"Aliments Asta\",\"description\":\"\",\"potentialAction\":[{\"@type\":\"SearchAction\",\"target\":{\"@type\":\"EntryPoint\",\"urlTemplate\":\"https:\/\/alimentsasta.com\/?s={search_term_string}\"},\"query-input\":\"required name=search_term_string\"}],\"inLanguage\":\"en-CA\"}]}<\/script>\n<!-- \/ Yoast SEO plugin. -->","yoast_head_json":{"title":"Honours - Aliments Asta","robots":{"index":"index","follow":"follow","max-snippet":"max-snippet:-1","max-image-preview":"max-image-preview:large","max-video-preview":"max-video-preview:-1"},"canonical":"https:\/\/alimentsasta.com\/en\/the-asta-family\/honours\/","og_locale":"en_US","og_type":"article","og_title":"Honours - Aliments Asta","og_description":"In the last 35 years, Aliments ASTA and its team have been honoured multiple times locally, regionally and internationally, for their vision, commitment, influence, innovativeness and the quality of their products. And the executives\u2019 contribution to the development of the business community was also acknowledged. In 2015, the Chambre de commerce of Rivi\u00e8re-du-Loup highlighted Jacques...","og_url":"https:\/\/alimentsasta.com\/en\/the-asta-family\/honours\/","og_site_name":"Aliments Asta","article_modified_time":"2017-03-27T19:57:35+00:00","twitter_card":"summary_large_image","twitter_misc":{"Est. reading time":"1 minute"},"schema":{"@context":"https:\/\/schema.org","@graph":[{"@type":"WebPage","@id":"https:\/\/alimentsasta.com\/en\/the-asta-family\/honours\/","url":"https:\/\/alimentsasta.com\/en\/the-asta-family\/honours\/","name":"Honours - Aliments Asta","isPartOf":{"@id":"https:\/\/alimentsasta.com\/#website"},"datePublished":"2017-01-13T20:58:01+00:00","dateModified":"2017-03-27T19:57:35+00:00","breadcrumb":{"@id":"https:\/\/alimentsasta.com\/en\/the-asta-family\/honours\/#breadcrumb"},"inLanguage":"en-CA","potentialAction":[{"@type":"ReadAction","target":["https:\/\/alimentsasta.com\/en\/the-asta-family\/honours\/"]}]},{"@type":"BreadcrumbList","@id":"https:\/\/alimentsasta.com\/en\/the-asta-family\/honours\/#breadcrumb","itemListElement":[{"@type":"ListItem","position":1,"name":"Home","item":"https:\/\/alimentsasta.com\/en\/"},{"@type":"ListItem","position":2,"name":"The Asta Family","item":"https:\/\/alimentsasta.com\/en\/the-asta-family\/"},{"@type":"ListItem","position":3,"name":"Honours"}]},{"@type":"WebSite","@id":"https:\/\/alimentsasta.com\/#website","url":"https:\/\/alimentsasta.com\/","name":"Aliments Asta","description":"","potentialAction":[{"@type":"SearchAction","target":{"@type":"EntryPoint","urlTemplate":"https:\/\/alimentsasta.com\/?s={search_term_string}"},"query-input":"required name=search_term_string"}],"inLanguage":"en-CA"}]}},"_links":{"self":[{"href":"https:\/\/alimentsasta.com\/en\/wp-json\/wp\/v2\/pages\/1791"}],"collection":[{"href":"https:\/\/alimentsasta.com\/en\/wp-json\/wp\/v2\/pages"}],"about":[{"href":"https:\/\/alimentsasta.com\/en\/wp-json\/wp\/v2\/types\/page"}],"author":[{"embeddable":true,"href":"https:\/\/alimentsasta.com\/en\/wp-json\/wp\/v2\/users\/1"}],"replies":[{"embeddable":true,"href":"https:\/\/alimentsasta.com\/en\/wp-json\/wp\/v2\/comments?post=1791"}],"version-history":[{"count":4,"href":"https:\/\/alimentsasta.com\/en\/wp-json\/wp\/v2\/pages\/1791\/revisions"}],"predecessor-version":[{"id":1988,"href":"https:\/\/alimentsasta.com\/en\/wp-json\/wp\/v2\/pages\/1791\/revisions\/1988"}],"up":[{"embeddable":true,"href":"https:\/\/alimentsasta.com\/en\/wp-json\/wp\/v2\/pages\/1802"}],"wp:attachment":[{"href":"https:\/\/alimentsasta.com\/en\/wp-json\/wp\/v2\/media?parent=1791"}],"curies":[{"name":"wp","href":"https:\/\/api.w.org\/{rel}","templated":true}]}}